{"id":110,"date":"2018-08-20T22:52:28","date_gmt":"2018-08-21T01:52:28","guid":{"rendered":"http:\/\/comuniquefacil.com.br\/1\/?page_id=110"},"modified":"2024-02-29T14:24:28","modified_gmt":"2024-02-29T17:24:28","slug":"filiados","status":"publish","type":"page","link":"https:\/\/fessp-esp.org.br\/?page_id=110","title":{"rendered":"Filiados"},"content":{"rendered":"\n<div class=\"wp-block-media-text is-stacked-on-mobile\" style=\"grid-template-columns:19% auto\"><figure class=\"wp-block-media-text__media\"><a href=\"https:\/\/sindicatoapase.org.br\/\"><img loading=\"lazy\" decoding=\"async\" width=\"1024\" height=\"367\" src=\"https:\/\/fessp-esp.org.br\/wp-content\/uploads\/2024\/02\/1-APASE.png\" alt=\"\" class=\"wp-image-9460 size-full\" srcset=\"https:\/\/fessp-esp.org.br\/wp-content\/uploads\/2024\/02\/1-APASE.png 1024w, https:\/\/fessp-esp.org.br\/wp-content\/uploads\/2024\/02\/1-APASE-300x108.png 300w, https:\/\/fessp-esp.org.br\/wp-content\/uploads\/2024\/02\/1-APASE-768x275.png 768w\" sizes=\"auto, (max-width: 1024px) 100vw, 1024px\" \/><\/a><\/figure><div class=\"wp-block-media-text__content\">\n<p><strong>Sindicato dos Servidores de Ensino do Magist\u00e9rio Oficial no Estado de S\u00e3o Paulo<br>E-mail:<\/strong> <a href=\"mailto:secretaria@sindicatoapase.org.br\" target=\"_blank\" rel=\"noreferrer noopener\">secretaria@sindicatoapase.org.br<\/a><br><strong>Telefone:<\/strong> (11) 3337-6895<\/p>\n<\/div><\/div>\n\n\n\n<div class=\"wp-block-media-text is-stacked-on-mobile\" style=\"grid-template-columns:19% auto\"><figure class=\"wp-block-media-text__media\"><a href=\"https:\/\/www.siemesp.org.br\/\"><img loading=\"lazy\" decoding=\"async\" width=\"1024\" height=\"168\" src=\"https:\/\/fessp-esp.org.br\/wp-content\/uploads\/2024\/02\/2-SIEMESP-1024x168.jpg\" alt=\"\" class=\"wp-image-9461 size-full\" srcset=\"https:\/\/fessp-esp.org.br\/wp-content\/uploads\/2024\/02\/2-SIEMESP-1024x168.jpg 1024w, https:\/\/fessp-esp.org.br\/wp-content\/uploads\/2024\/02\/2-SIEMESP-300x49.jpg 300w, https:\/\/fessp-esp.org.br\/wp-content\/uploads\/2024\/02\/2-SIEMESP-768x126.jpg 768w, https:\/\/fessp-esp.org.br\/wp-content\/uploads\/2024\/02\/2-SIEMESP-1536x252.jpg 1536w, https:\/\/fessp-esp.org.br\/wp-content\/uploads\/2024\/02\/2-SIEMESP-2048x336.jpg 2048w\" sizes=\"auto, (max-width: 1024px) 100vw, 1024px\" \/><\/a><\/figure><div class=\"wp-block-media-text__content\">\n<p><strong>Sindicato dos Executores de Metrologia do Estado de S\u00e3o Paulo<br>E-mail: <\/strong><a href=\"mailto:secretaria@siemesp.org.br\" target=\"_blank\" rel=\"noreferrer noopener\">secretaria@siemesp.org.br<\/a><br><strong>Telefone:<\/strong> (11) 5061-4180<\/p>\n<\/div><\/div>\n\n\n\n<div class=\"wp-block-media-text is-stacked-on-mobile\" style=\"grid-template-columns:19% auto\"><figure class=\"wp-block-media-text__media\"><a href=\"https:\/\/sinafresp.org.br\/\"><img loading=\"lazy\" decoding=\"async\" width=\"1024\" height=\"293\" src=\"https:\/\/fessp-esp.org.br\/wp-content\/uploads\/2024\/02\/3-SINAFRESP-1024x293.png\" alt=\"\" class=\"wp-image-9462 size-full\" srcset=\"https:\/\/fessp-esp.org.br\/wp-content\/uploads\/2024\/02\/3-SINAFRESP-1024x293.png 1024w, https:\/\/fessp-esp.org.br\/wp-content\/uploads\/2024\/02\/3-SINAFRESP-300x86.png 300w, https:\/\/fessp-esp.org.br\/wp-content\/uploads\/2024\/02\/3-SINAFRESP-768x220.png 768w, https:\/\/fessp-esp.org.br\/wp-content\/uploads\/2024\/02\/3-SINAFRESP-1536x440.png 1536w, https:\/\/fessp-esp.org.br\/wp-content\/uploads\/2024\/02\/3-SINAFRESP-2048x587.png 2048w\" sizes=\"auto, (max-width: 1024px) 100vw, 1024px\" \/><\/a><\/figure><div class=\"wp-block-media-text__content\">\n<p><strong>Sindicato dos Auditores Fiscais da Receita Estadual de S\u00e3o Paulo<br>E-mail:<\/strong> <a href=\"mailto:contato@sinafresp.org.br\" target=\"_blank\" rel=\"noreferrer noopener\">contato@sinafresp.org.br<\/a><br><strong>Telefone: <\/strong>(11) 3113-4000<\/p>\n<\/div><\/div>\n\n\n\n<div class=\"wp-block-media-text is-stacked-on-mobile\" style=\"grid-template-columns:19% auto\"><figure class=\"wp-block-media-text__media\"><a href=\"https:\/\/sindalesp.org.br\/\"><img loading=\"lazy\" decoding=\"async\" width=\"655\" height=\"189\" src=\"https:\/\/fessp-esp.org.br\/wp-content\/uploads\/2024\/02\/4-SINDALESP-e1709225991112.jpg\" alt=\"\" class=\"wp-image-9463 size-full\" srcset=\"https:\/\/fessp-esp.org.br\/wp-content\/uploads\/2024\/02\/4-SINDALESP-e1709225991112.jpg 655w, https:\/\/fessp-esp.org.br\/wp-content\/uploads\/2024\/02\/4-SINDALESP-e1709225991112-300x87.jpg 300w\" sizes=\"auto, (max-width: 655px) 100vw, 655px\" \/><\/a><\/figure><div class=\"wp-block-media-text__content\">\n<p><strong>Sindicato dos Servidores P\u00fablicos da Assembleia Legislativa e Tribunal de Contas do Estado de S\u00e3o Paulo<br>E-mail:<\/strong> <a href=\"mailto:sindalesp@sindalesp.org.br\" target=\"_blank\" rel=\"noreferrer noopener\">sindalesp@sindalesp.org.br<\/a><br><strong>Telefone:<\/strong> (11) 3025-2341<\/p>\n<\/div><\/div>\n\n\n\n<div class=\"wp-block-media-text is-stacked-on-mobile\" style=\"grid-template-columns:19% auto\"><figure class=\"wp-block-media-text__media\"><a href=\"https:\/\/sindcop.org.br\/\"><img loading=\"lazy\" decoding=\"async\" width=\"398\" height=\"136\" src=\"https:\/\/fessp-esp.org.br\/wp-content\/uploads\/2024\/02\/5-SINDCOP.png\" alt=\"\" class=\"wp-image-9464 size-full\" srcset=\"https:\/\/fessp-esp.org.br\/wp-content\/uploads\/2024\/02\/5-SINDCOP.png 398w, https:\/\/fessp-esp.org.br\/wp-content\/uploads\/2024\/02\/5-SINDCOP-300x103.png 300w\" sizes=\"auto, (max-width: 398px) 100vw, 398px\" \/><\/a><\/figure><div class=\"wp-block-media-text__content\">\n<p><strong>Sindicato dos Agentes de Seuran\u00e7a Penitenci\u00e1ria e demais Servidores P\u00fablicos do Sistema Penitenci\u00e1rio<br>Telefone: <\/strong>(14) 3226-3255<\/p>\n<\/div><\/div>\n\n\n\n<div class=\"wp-block-media-text is-stacked-on-mobile\" style=\"grid-template-columns:19% auto\"><figure class=\"wp-block-media-text__media\"><a href=\"https:\/\/sindojus-sp.com.br\/\"><img loading=\"lazy\" decoding=\"async\" width=\"300\" height=\"150\" src=\"https:\/\/fessp-esp.org.br\/wp-content\/uploads\/2024\/02\/6-SINDOJUS.jpg\" alt=\"\" class=\"wp-image-9465 size-full\"\/><\/a><\/figure><div class=\"wp-block-media-text__content\">\n<p><strong>Sindicato dos Oficiais de Justi\u00e7a do Estado de S\u00e3o Paulo<br>E-mail:<\/strong> <a href=\"mailto:contato@sindojus-sp.com.br\" target=\"_blank\" rel=\"noreferrer noopener\">contato@sindojus-sp.com.br<\/a><br><strong>Telefone: <\/strong>(11) 3020-9900<\/p>\n<\/div><\/div>\n\n\n\n<div class=\"wp-block-media-text is-stacked-on-mobile\" style=\"grid-template-columns:19% auto\"><figure class=\"wp-block-media-text__media\"><a href=\"https:\/\/sindsempsp.com.br\/\"><img loading=\"lazy\" decoding=\"async\" width=\"160\" height=\"101\" src=\"https:\/\/fessp-esp.org.br\/wp-content\/uploads\/2024\/02\/7-SINDSEMP-e1709226180976.jpg\" alt=\"\" class=\"wp-image-9466 size-full\"\/><\/a><\/figure><div class=\"wp-block-media-text__content\">\n<p><strong>Sindicato dos Servidores do Minist\u00e9rio P\u00fablico do Estado de S\u00e3o Paulo<br>E-mail: <\/strong><a href=\"mailto:contato@sinsempsp.com.br\" target=\"_blank\" rel=\"noreferrer noopener\">contato@sinsempsp.com.br<\/a><br><strong>Telefone: <\/strong>(11) 2589-1130<\/p>\n<\/div><\/div>\n\n\n\n<div class=\"wp-block-media-text is-stacked-on-mobile\" style=\"grid-template-columns:19% auto\"><figure class=\"wp-block-media-text__media\"><a href=\"https:\/\/sinpcresp.org.br\/\"><img loading=\"lazy\" decoding=\"async\" width=\"200\" height=\"200\" src=\"https:\/\/fessp-esp.org.br\/wp-content\/uploads\/2024\/02\/8-SINPCRESP.png\" alt=\"\" class=\"wp-image-9467 size-full\" srcset=\"https:\/\/fessp-esp.org.br\/wp-content\/uploads\/2024\/02\/8-SINPCRESP.png 200w, https:\/\/fessp-esp.org.br\/wp-content\/uploads\/2024\/02\/8-SINPCRESP-150x150.png 150w\" sizes=\"auto, (max-width: 200px) 100vw, 200px\" \/><\/a><\/figure><div class=\"wp-block-media-text__content\">\n<p><strong>Sindicato dos Peritos Criminais do Estado de S\u00e3o Paulo<br>Telefone: <\/strong>(11) 3862-1879<\/p>\n<\/div><\/div>\n\n\n\n<div class=\"wp-block-media-text is-stacked-on-mobile\" style=\"grid-template-columns:19% auto\"><figure class=\"wp-block-media-text__media\"><a href=\"https:\/\/sintelpol.org.br\/\"><img loading=\"lazy\" decoding=\"async\" width=\"305\" height=\"115\" src=\"https:\/\/fessp-esp.org.br\/wp-content\/uploads\/2024\/02\/9-SINTELPOL.png\" alt=\"\" class=\"wp-image-9468 size-full\" srcset=\"https:\/\/fessp-esp.org.br\/wp-content\/uploads\/2024\/02\/9-SINTELPOL.png 305w, https:\/\/fessp-esp.org.br\/wp-content\/uploads\/2024\/02\/9-SINTELPOL-300x113.png 300w\" sizes=\"auto, (max-width: 305px) 100vw, 305px\" \/><\/a><\/figure><div class=\"wp-block-media-text__content\">\n<p><strong>Sindicato dos Trabalhadores em Telem\u00e1tica Policial do Estado de S\u00e3o Paulo<br>E-mail:<\/strong> <a href=\"mailto:sintelpol@uol.com.br\" target=\"_blank\" rel=\"noreferrer noopener\">sintelpol@uol.com.br<\/a><br><strong>Telefone:<\/strong> (11) 3227-8424<\/p>\n<\/div><\/div>\n\n\n\n<div class=\"wp-block-media-text is-stacked-on-mobile\" style=\"grid-template-columns:20% auto\"><figure class=\"wp-block-media-text__media\"><a href=\"https:\/\/www.jornal-sisderesp.com.br\/\"><img loading=\"lazy\" decoding=\"async\" width=\"209\" height=\"192\" src=\"https:\/\/fessp-esp.org.br\/wp-content\/uploads\/2024\/02\/10-SISDERESP.png\" alt=\"\" class=\"wp-image-9469 size-full\"\/><\/a><\/figure><div class=\"wp-block-media-text__content\">\n<p><strong>Sindicato dos Servidores do Departamento de Estradas e Rodagem do Estado de S\u00e3o Paulo<br>E-mail:<\/strong> <a href=\"mailto:adm1.sisderesp@terra.com.br\" target=\"_blank\" rel=\"noreferrer noopener\">adm1.sisderesp@terra.com.br<\/a><br><strong>Telefone:<\/strong> (11) 3242 4124<\/p>\n<\/div><\/div>\n\n\n\n<div class=\"wp-block-media-text is-stacked-on-mobile\" style=\"grid-template-columns:20% auto\"><figure class=\"wp-block-media-text__media\"><a href=\"http:\/\/www.sispesp.org.br\/\"><img loading=\"lazy\" decoding=\"async\" width=\"600\" height=\"250\" src=\"https:\/\/fessp-esp.org.br\/wp-content\/uploads\/2024\/02\/11-SISPESP.png\" alt=\"\" class=\"wp-image-9470 size-full\" srcset=\"https:\/\/fessp-esp.org.br\/wp-content\/uploads\/2024\/02\/11-SISPESP.png 600w, https:\/\/fessp-esp.org.br\/wp-content\/uploads\/2024\/02\/11-SISPESP-300x125.png 300w\" sizes=\"auto, (max-width: 600px) 100vw, 600px\" \/><\/a><\/figure><div class=\"wp-block-media-text__content\">\n<p><strong>Sindicato Dos Servidores P\u00fablicos Do Estado De S\u00e3o Paulo<\/strong><br><strong>E-mail:<\/strong> <a href=\"mailto:sispesp@sispesp.org.br\" target=\"_blank\" rel=\"noreferrer noopener\">sispesp@sispesp.org.br<\/a><br><strong>Telefone:<\/strong> (11) 3106-5098<\/p>\n<\/div><\/div>\n\n\n\n<div class=\"wp-block-media-text is-stacked-on-mobile\" style=\"grid-template-columns:20% auto\"><figure class=\"wp-block-media-text__media\"><a href=\"https:\/\/www.udemo.org.br\/\"><img loading=\"lazy\" decoding=\"async\" width=\"328\" height=\"153\" src=\"https:\/\/fessp-esp.org.br\/wp-content\/uploads\/2024\/02\/12-UDEMO.png\" alt=\"\" class=\"wp-image-9471 size-full\" srcset=\"https:\/\/fessp-esp.org.br\/wp-content\/uploads\/2024\/02\/12-UDEMO.png 328w, https:\/\/fessp-esp.org.br\/wp-content\/uploads\/2024\/02\/12-UDEMO-300x140.png 300w\" sizes=\"auto, (max-width: 328px) 100vw, 328px\" \/><\/a><\/figure><div class=\"wp-block-media-text__content\">\n<p><strong>Sindicato de Especialistas de Educa\u00e7\u00e3o do Magist\u00e9rio Oficial do Estado de S\u00e3o Paulo<\/strong><br><strong>E-mail: <\/strong><a href=\"mailto:udemo@udemo.org.br\" target=\"_blank\" rel=\"noreferrer noopener\">udemo@udemo.org.br<\/a><br><strong>Telefone: <\/strong>(11) 3231-1755<\/p>\n<\/div><\/div>\n","protected":false},"excerpt":{"rendered":"<p>Sindicato dos Servidores de Ensino do Magist\u00e9rio Oficial no Estado de S\u00e3o PauloE-mail: secretaria@sindicatoapase.org.brTelefone: (11) 3337-6895 Sindicato dos Executores de<\/p>\n","protected":false},"author":1,"featured_media":0,"parent":0,"menu_order":0,"comment_status":"closed","ping_status":"closed","template":"","meta":{"colormag_page_container_layout":"default_layout","colormag_page_sidebar_layout":"default_layout","footnotes":""},"class_list":["post-110","page","type-page","status-publish","hentry"],"_links":{"self":[{"href":"https:\/\/fessp-esp.org.br\/index.php?rest_route=\/wp\/v2\/pages\/110","targetHints":{"allow":["GET"]}}],"collection":[{"href":"https:\/\/fessp-esp.org.br\/index.php?rest_route=\/wp\/v2\/pages"}],"about":[{"href":"https:\/\/fessp-esp.org.br\/index.php?rest_route=\/wp\/v2\/types\/page"}],"author":[{"embeddable":true,"href":"https:\/\/fessp-esp.org.br\/index.php?rest_route=\/wp\/v2\/users\/1"}],"replies":[{"embeddable":true,"href":"https:\/\/fessp-esp.org.br\/index.php?rest_route=%2Fwp%2Fv2%2Fcomments&post=110"}],"version-history":[{"count":79,"href":"https:\/\/fessp-esp.org.br\/index.php?rest_route=\/wp\/v2\/pages\/110\/revisions"}],"predecessor-version":[{"id":9473,"href":"https:\/\/fessp-esp.org.br\/index.php?rest_route=\/wp\/v2\/pages\/110\/revisions\/9473"}],"wp:attachment":[{"href":"https:\/\/fessp-esp.org.br\/index.php?rest_route=%2Fwp%2Fv2%2Fmedia&parent=110"}],"curies":[{"name":"wp","href":"https:\/\/api.w.org\/{rel}","templated":true}]}}