{"id":24,"date":"2017-07-21T12:34:03","date_gmt":"2017-07-21T15:34:03","guid":{"rendered":"http:\/\/comuniquefacil.com.br\/1\/?page_id=24"},"modified":"2024-02-29T14:43:19","modified_gmt":"2024-02-29T17:43:19","slug":"contato","status":"publish","type":"page","link":"https:\/\/fessp-esp.org.br\/?page_id=24","title":{"rendered":"Contato"},"content":{"rendered":"\n<h3 class=\"wp-block-heading\"><span style=\"color: #ff0000;\"><strong>FESSP-ESP<\/strong><\/span><\/h3>\n\n\n\n<p>Telefone: (11) 3101-8853<\/p>\n\n\n\n<p>E-mail: <a href=\"mailto:fessp-esp@fessp-esp.org.br\" target=\"_blank\" rel=\"noreferrer noopener\">fessp-esp@fessp-esp.org.br<\/a><\/p>\n\n\n\n<p><span style=\"color: #ff0000;\"><strong>IMPRENSA<\/strong><\/span><\/p>\n\n\n\n<p>Jornalista respons\u00e1vel: Renato Luque &#8211; MTb 77.371-SP<\/p>\n\n\n\n<p>E-mail: <a href=\"mailto:imprensa@fessp-esp.org.br\" target=\"_blank\" rel=\"noreferrer noopener\">imprensa@fessp-esp.org.br<\/a><\/p>\n\n\n\n<p><span style=\"color: #ff0000;\"><strong>LOCALIZA\u00c7\u00c3O<\/strong><\/span><\/p>\n\n\n\n<p>Rua Silveira Martins, 53, 2\u00aa andar, S\u00e9, S\u00e3o Paulo-SP.<\/p>\n\n\n\n<p>CEP 01019-000<\/p>\n","protected":false},"excerpt":{"rendered":"<p>FESSP-ESP Telefone: (11) 3101-8853 E-mail: fessp-esp@fessp-esp.org.br IMPRENSA Jornalista respons\u00e1vel: Renato Luque &#8211; MTb 77.371-SP E-mail: imprensa@fessp-esp.org.br LOCALIZA\u00c7\u00c3O Rua Silveira Martins,<\/p>\n","protected":false},"author":1,"featured_media":0,"parent":0,"menu_order":0,"comment_status":"closed","ping_status":"closed","template":"","meta":{"colormag_page_container_layout":"default_layout","colormag_page_sidebar_layout":"default_layout","footnotes":""},"class_list":["post-24","page","type-page","status-publish","hentry"],"_links":{"self":[{"href":"https:\/\/fessp-esp.org.br\/index.php?rest_route=\/wp\/v2\/pages\/24","targetHints":{"allow":["GET"]}}],"collection":[{"href":"https:\/\/fessp-esp.org.br\/index.php?rest_route=\/wp\/v2\/pages"}],"about":[{"href":"https:\/\/fessp-esp.org.br\/index.php?rest_route=\/wp\/v2\/types\/page"}],"author":[{"embeddable":true,"href":"https:\/\/fessp-esp.org.br\/index.php?rest_route=\/wp\/v2\/users\/1"}],"replies":[{"embeddable":true,"href":"https:\/\/fessp-esp.org.br\/index.php?rest_route=%2Fwp%2Fv2%2Fcomments&post=24"}],"version-history":[{"count":10,"href":"https:\/\/fessp-esp.org.br\/index.php?rest_route=\/wp\/v2\/pages\/24\/revisions"}],"predecessor-version":[{"id":9475,"href":"https:\/\/fessp-esp.org.br\/index.php?rest_route=\/wp\/v2\/pages\/24\/revisions\/9475"}],"wp:attachment":[{"href":"https:\/\/fessp-esp.org.br\/index.php?rest_route=%2Fwp%2Fv2%2Fmedia&parent=24"}],"curies":[{"name":"wp","href":"https:\/\/api.w.org\/{rel}","templated":true}]}}