{"id":28,"date":"2017-07-21T12:35:49","date_gmt":"2017-07-21T15:35:49","guid":{"rendered":"http:\/\/comuniquefacil.com.br\/1\/?page_id=28"},"modified":"2018-10-31T17:42:35","modified_gmt":"2018-10-31T20:42:35","slug":"sobre","status":"publish","type":"page","link":"https:\/\/fessp-esp.org.br\/?page_id=28","title":{"rendered":"Hist\u00f3ria"},"content":{"rendered":"<p>Fundada em 03\/05\/1989, com a presen\u00e7a de 07 (sete) Sindicatos, a FEDERA\u00c7\u00c3O DOS SINDICATOS DOS SERVIDORES P\u00daBLICOS NO ESTADO DE S\u00c3O PAULO \u2013 FESSP-ESP, constitui-se numa entidade sindical de segundo grau, unicit\u00e1ria, com poderes legais de representa\u00e7\u00e3o das Categorias dos Servidores da Administra\u00e7\u00e3o P\u00fablica direta, indireta e fundacional que atuam no Estado de S\u00e3o Paulo e Hoje, conta com 19 sindicatos filiados.<\/p>\n<p>Filiada a Confedera\u00e7\u00e3o dos Servidores P\u00fablicos do Brasil \u2013 CSPB, Nova Central Sindical dos Trabalhadores \u2013 NCST e Internacional de Servi\u00e7os P\u00fablicos &#8211; ISP, abrange servidores em situa\u00e7\u00e3o de investidura em cargos ou fun\u00e7\u00f5es p\u00fablicas, ativos, inativos e pensionistas inorganizadas ou organizadas em sindicatos pr\u00f3prios, tendo por base territorial todo o Estado de S\u00e3o Paulo.<\/p>\n<p>Dentre os principais objetivos da FESSP-ESP, destacamos:<br \/>\n1)- Congregar os Servidores P\u00fablicos Civis para uma a\u00e7\u00e3o comum, seja de cunho sindical, social, cultural ou assistencial, estabelecendo planos de lutas para as conquistas das suas reivindica\u00e7\u00f5es;<br \/>\n2)- Integrar-se na luta dos Trabalhadores em geral do Estado de S\u00e3o Paulo, ou unificadas em nacional, por melhores condi\u00e7\u00f5es salariais, melhores condi\u00e7\u00f5es de trabalho e pela presta\u00e7\u00e3o de um servi\u00e7o p\u00fablico de qualidade para a popula\u00e7\u00e3o brasileira;<br \/>\n3)- Pugnar pela moralidade p\u00fablica, aperfei\u00e7oamento do servi\u00e7o p\u00fablico e eleva\u00e7\u00e3o cultural, t\u00e9cnica e profissional de seus servidores;<br \/>\nA FESSP-ESP participou e participa ativamente dos movimentos em prol dos servidores p\u00fablicos, para um trabalho decente e efetiva\u00e7\u00e3o de um servi\u00e7o p\u00fablico de qualidade, visando assegurar substanciais melhorias nas condi\u00e7\u00f5es de trabalho dos servidores p\u00fablicos.<\/p>\n<p>No \u00e2mbito Federal, sempre atuou no Congresso Nacional, nas discuss\u00f5es das Reformas Administrativa, Previdenci\u00e1ria, Sindical e Trabalhista, al\u00e9m de outras lutas, a exemplo da importante participa\u00e7\u00e3o nas c\u00e2maras Bipartirtes, visando estabelecer a Mesa Permanente de Negocia\u00e7\u00e3o Coletiva, a regulamenta\u00e7\u00e3o da Conven\u00e7\u00e3o 151, da OIT e um novo modelo de organiza\u00e7\u00e3o sindical.<br \/>\nRealiza, no Plano do Servi\u00e7o P\u00fablico cursos de qualifica\u00e7\u00e3o profissional e forma\u00e7\u00e3o sindical para servidores e cidad\u00e3os das comunidades.<\/p>\n<p>Concluindo, a FESSP\/ESP faz a defesa intransigente do servidor e de um servi\u00e7o p\u00fablico de qualidade, pois \u00e9 ele o agente p\u00fablico implementador das pol\u00edticas p\u00fablicas direcionadas aos cidad\u00e3os e toda a sociedade.<\/p>\n","protected":false},"excerpt":{"rendered":"<p>Fundada em 03\/05\/1989, com a presen\u00e7a de 07 (sete) Sindicatos, a FEDERA\u00c7\u00c3O DOS SINDICATOS DOS SERVIDORES P\u00daBLICOS NO ESTADO DE<\/p>\n","protected":false},"author":1,"featured_media":0,"parent":0,"menu_order":0,"comment_status":"closed","ping_status":"closed","template":"","meta":{"colormag_page_container_layout":"default_layout","colormag_page_sidebar_layout":"default_layout","footnotes":""},"class_list":["post-28","page","type-page","status-publish","hentry"],"_links":{"self":[{"href":"https:\/\/fessp-esp.org.br\/index.php?rest_route=\/wp\/v2\/pages\/28","targetHints":{"allow":["GET"]}}],"collection":[{"href":"https:\/\/fessp-esp.org.br\/index.php?rest_route=\/wp\/v2\/pages"}],"about":[{"href":"https:\/\/fessp-esp.org.br\/index.php?rest_route=\/wp\/v2\/types\/page"}],"author":[{"embeddable":true,"href":"https:\/\/fessp-esp.org.br\/index.php?rest_route=\/wp\/v2\/users\/1"}],"replies":[{"embeddable":true,"href":"https:\/\/fessp-esp.org.br\/index.php?rest_route=%2Fwp%2Fv2%2Fcomments&post=28"}],"version-history":[{"count":5,"href":"https:\/\/fessp-esp.org.br\/index.php?rest_route=\/wp\/v2\/pages\/28\/revisions"}],"predecessor-version":[{"id":2982,"href":"https:\/\/fessp-esp.org.br\/index.php?rest_route=\/wp\/v2\/pages\/28\/revisions\/2982"}],"wp:attachment":[{"href":"https:\/\/fessp-esp.org.br\/index.php?rest_route=%2Fwp%2Fv2%2Fmedia&parent=28"}],"curies":[{"name":"wp","href":"https:\/\/api.w.org\/{rel}","templated":true}]}}